{"id":10,"date":"2015-03-02T20:09:52","date_gmt":"2015-03-02T19:09:52","guid":{"rendered":"http:\/\/mth.rheinmaindesign.de\/?page_id=10"},"modified":"2022-08-22T19:27:10","modified_gmt":"2022-08-22T18:27:10","slug":"auswahlkriterien","status":"publish","type":"page","link":"https:\/\/musik-team-hessen.de\/?page_id=10","title":{"rendered":"Auswahlkriterien"},"content":{"rendered":"<p>[vc_row][vc_column width=&#8220;1\/1&#8243;][vc_column_text]<strong>Auswahlkriterien<\/strong><\/p>\n<p>Im Kompetenzteam haben wir uns auf folgende Kriterien f\u00fcr die Auswahl und Klassifizierung der Turniermusik geeinigt. Diese Kriterien stellen keinen Anspruch auf Vollst\u00e4ndigkeit oder Unverr\u00fcckbarkeit dar. Sie sind aber zu diesem Zeitpunkt die Basis unserer Arbeit und Empfehlung an alle interessierten Turniermusiker. Trotz unterschiedlicher Geschm\u00e4cker und Tanzentwicklungen der Teammitglieder herrscht bei diesen Punkten im Musik Team Hessen uneingeschr\u00e4nkte Einigkeit.<\/p>\n<p>&#8211; F\u00fcr den DJ (Voraussetzungen)<br \/>\n&#8211; (Generelle) Grundlage (f\u00fcr die Musikauswahl)<br \/>\n&#8211; (Musik)stilrichtungen<br \/>\n&#8211; T\u00e4nze &amp; Tempi nach TSO[\/vc_column_text][\/vc_column][\/vc_row]<\/p>\n","protected":false},"excerpt":{"rendered":"<p>[vc_row][vc_column width=&#8220;1\/1&#8243;][vc_column_text]Auswahlkriterien Im Kompetenzteam haben wir uns auf folgende Kriterien f\u00fcr die Auswahl und Klassifizierung der Turniermusik geeinigt. Diese Kriterien stellen keinen Anspruch auf Vollst\u00e4ndigkeit oder Unverr\u00fcckbarkeit dar. Sie sind aber zu diesem Zeitpunkt die Basis unserer Arbeit und Empfehlung an alle interessierten Turniermusiker. Trotz unterschiedlicher Geschm\u00e4cker und Tanzentwicklungen der Teammitglieder herrscht bei diesen Punkten [&hellip;]<\/p>\n","protected":false},"author":3,"featured_media":0,"parent":0,"menu_order":2,"comment_status":"closed","ping_status":"closed","template":"","meta":{"footnotes":""},"class_list":["post-10","page","type-page","status-publish","hentry"],"_links":{"self":[{"href":"https:\/\/musik-team-hessen.de\/index.php?rest_route=\/wp\/v2\/pages\/10","targetHints":{"allow":["GET"]}}],"collection":[{"href":"https:\/\/musik-team-hessen.de\/index.php?rest_route=\/wp\/v2\/pages"}],"about":[{"href":"https:\/\/musik-team-hessen.de\/index.php?rest_route=\/wp\/v2\/types\/page"}],"author":[{"embeddable":true,"href":"https:\/\/musik-team-hessen.de\/index.php?rest_route=\/wp\/v2\/users\/3"}],"replies":[{"embeddable":true,"href":"https:\/\/musik-team-hessen.de\/index.php?rest_route=%2Fwp%2Fv2%2Fcomments&post=10"}],"version-history":[{"count":1,"href":"https:\/\/musik-team-hessen.de\/index.php?rest_route=\/wp\/v2\/pages\/10\/revisions"}],"predecessor-version":[{"id":157,"href":"https:\/\/musik-team-hessen.de\/index.php?rest_route=\/wp\/v2\/pages\/10\/revisions\/157"}],"wp:attachment":[{"href":"https:\/\/musik-team-hessen.de\/index.php?rest_route=%2Fwp%2Fv2%2Fmedia&parent=10"}],"curies":[{"name":"wp","href":"https:\/\/api.w.org\/{rel}","templated":true}]}}