{"id":14,"date":"2015-03-02T20:11:51","date_gmt":"2015-03-02T19:11:51","guid":{"rendered":"http:\/\/mth.rheinmaindesign.de\/?page_id=14"},"modified":"2015-03-07T13:55:54","modified_gmt":"2015-03-07T12:55:54","slug":"grundlagen","status":"publish","type":"page","link":"https:\/\/musik-team-hessen.de\/?page_id=14","title":{"rendered":"Grundlagen"},"content":{"rendered":"<p>[vc_row][vc_column width=&#8220;1\/1&#8243;][vc_column_text]<strong>GENERELLE GRUNDLAGEN F\u00dcR DIE MUSIKAUSWAHL<\/strong><\/p>\n<p>&nbsp;<\/p>\n<p><b>D Klasse<\/b><\/p>\n<p><b>Generell<\/b><\/p>\n<ul>\n<li>Durchgehender Takt \u2013 nicht unterbrochen;<\/li>\n<li>Gesang muss im Takt sein \u2013 kein Gesang neben dem Takt;<\/li>\n<li>Keine Unterbrechungen;<\/li>\n<li>Takt muss laut und deutlich zu h\u00f6ren sein;<\/li>\n<li>Besondere Aufmerksamkeit bei LW &amp; RB \u2013 extra auf deutlichen Rhythmus &amp; Takt achten.<\/li>\n<li><\/li>\n<\/ul>\n<p><b>C Klasse<\/b><\/p>\n<p><b>Generell<\/b><\/p>\n<ul>\n<li>Was in der \u201eD\u201c Klasse z\u00e4hlt, gilt auch hier;<\/li>\n<li>Durchgehender Takt \u2013 nicht unterbrochen;<\/li>\n<li>Gesang muss im Takt sein \u2013 kein Gesang neben dem Takt;<\/li>\n<li>Keine Unterbrechungen;<\/li>\n<li>Takt muss laut und deutlich zu h\u00f6ren sein<\/li>\n<li>Jetzt werden auch SlowFox &amp; Samba getanzt. Vorsicht bei der Auswahl dieser beiden T\u00e4nze!<\/li>\n<li>Keine anspruchsvollen St\u00fccke nehmen \u2013 besonderes in den Vorrunden;<\/li>\n<li>Besondere Aufmerksamkeit bei LW, RB &amp; SF extra auf deutlichen Rhythmus &amp; Takt achten.<\/li>\n<li><\/li>\n<\/ul>\n<p><b>B Klasse<\/b><\/p>\n<p><b>Generell<\/b><\/p>\n<ul>\n<li>M\u00f6glichst durchgehender Takt, Taktaussetzer m\u00fcssen im Takt wieder einsetzen;<\/li>\n<li>Keine Taktbr\u00fcche und keine \u00c4nderung im Takt;<\/li>\n<li>Gesang soll m\u00f6glichst im Takt sein \u2013 kann ein bisschen verspielt werden (z.B. Frank Sinatra SlowFox);<\/li>\n<li>Takt muss nicht unbedingtvon Rhythmusinstrumenten gespielt werden, sondern kann auch durch andere Instrumente wie z.B. Klavier oder Streicher (oder auch Gesang) \u00fcbernommen werden;<\/li>\n<li>Ab jetzt werden alle T\u00e4nze getanzt \u2013 WW und PD kommen daz;<\/li>\n<li>Deswegen sollten in der \u201eB\u201c Klasse keine anspruchsvollen WW &amp; PD ausgew\u00e4hlt werden.<\/li>\n<li><\/li>\n<\/ul>\n<p><b>A Klasse<\/b><\/p>\n<p><b>Generell<\/b><\/p>\n<ul>\n<li>International gibt es kein Unterschied zwischen A und S \u2013 das bedeutet bei den gro\u00dfen Turnieren (GOC, Blauen Band, u.s.w.) wird \u201eS\u201c Musik gespielt \u2013 und die A Paaren m\u00fcssen einfach damit zurechtkommen \u2013 bei normalen Turnieren m\u00fcssen wir dies den Paaren nicht unbedingt antun \u2013 besonders in der ersten oder zweiten Rund;<\/li>\n<li>Gesang kann jetzt variieren, kann im Takt oder auch mal neben dem Takt sei;<\/li>\n<li>Variantenreiche St\u00fccke sind erst in sp\u00e4teren Runden zu empfehlen;<\/li>\n<li>Taktunterbrechungen d\u00fcrfen vorkommen. Diese k\u00f6nnen aber zur Verwirrungen bei den weniger erfahrenen Paaren f\u00fchren. Solche St\u00fccke sind daher mit Vorsicht zu genie\u00dfen und sollten in der \u201eA\u201c Klasse nur in Ausnahmen eingesetzt werden;<\/li>\n<li>Ein deutlich klarer Takt spielt jetzt eine untergeordnete Rolle. Die Paare m\u00fcssen auch anspruchsvollere Musik vertanzen k\u00f6nnen.<\/li>\n<li><\/li>\n<\/ul>\n<p><b>S Klasse<\/b><\/p>\n<p><b>Generell<\/b><\/p>\n<ul>\n<li>Musikalit\u00e4t spielt eine herausragende Rolle in der Bewertungder \u201eS\u201c Klasse. Die Paare m\u00fcssen in der Lage sein, Musik zu interpretieren;<\/li>\n<li>Das Ziel ist es, den \u201eS\u201c Paaren die M\u00f6glichkeit zu geben, mit der Musik zu spielen. Die T\u00e4nzer sollen ihre volle Leistung darbieten k\u00f6nnen. (Vorsicht \u2013 es gibt auch Paare die gerade in die \u201eS\u201c aufgestiegen sind oder gerade wieder angefangen haben.)<\/li>\n<li>Ein Turnier ist kein Wettkampf zwischen dem DJ und den Paaren. Das Ziel sollte daher nicht sein, m\u00f6glichst schwierige Musikst\u00fccke auszusuchen sondern die Paare mit der Musik zu befl\u00fcgeln, ihre beste Leistung zu pr\u00e4sentieren.<\/li>\n<\/ul>\n<p>[\/vc_column_text][\/vc_column][\/vc_row]<\/p>\n","protected":false},"excerpt":{"rendered":"<p>[vc_row][vc_column width=&#8220;1\/1&#8243;][vc_column_text]GENERELLE GRUNDLAGEN F\u00dcR DIE MUSIKAUSWAHL &nbsp; D Klasse Generell Durchgehender Takt \u2013 nicht unterbrochen; Gesang muss im Takt sein \u2013 kein Gesang neben dem Takt; Keine Unterbrechungen; Takt muss laut und deutlich zu h\u00f6ren sein; Besondere Aufmerksamkeit bei LW &amp; RB \u2013 extra auf deutlichen Rhythmus &amp; Takt achten. C Klasse Generell Was in [&hellip;]<\/p>\n","protected":false},"author":3,"featured_media":0,"parent":10,"menu_order":2,"comment_status":"closed","ping_status":"closed","template":"","meta":{"footnotes":""},"class_list":["post-14","page","type-page","status-publish","hentry"],"_links":{"self":[{"href":"https:\/\/musik-team-hessen.de\/index.php?rest_route=\/wp\/v2\/pages\/14","targetHints":{"allow":["GET"]}}],"collection":[{"href":"https:\/\/musik-team-hessen.de\/index.php?rest_route=\/wp\/v2\/pages"}],"about":[{"href":"https:\/\/musik-team-hessen.de\/index.php?rest_route=\/wp\/v2\/types\/page"}],"author":[{"embeddable":true,"href":"https:\/\/musik-team-hessen.de\/index.php?rest_route=\/wp\/v2\/users\/3"}],"replies":[{"embeddable":true,"href":"https:\/\/musik-team-hessen.de\/index.php?rest_route=%2Fwp%2Fv2%2Fcomments&post=14"}],"version-history":[{"count":0,"href":"https:\/\/musik-team-hessen.de\/index.php?rest_route=\/wp\/v2\/pages\/14\/revisions"}],"up":[{"embeddable":true,"href":"https:\/\/musik-team-hessen.de\/index.php?rest_route=\/wp\/v2\/pages\/10"}],"wp:attachment":[{"href":"https:\/\/musik-team-hessen.de\/index.php?rest_route=%2Fwp%2Fv2%2Fmedia&parent=14"}],"curies":[{"name":"wp","href":"https:\/\/api.w.org\/{rel}","templated":true}]}}