{"id":16,"date":"2015-03-02T20:12:23","date_gmt":"2015-03-02T19:12:23","guid":{"rendered":"http:\/\/mth.rheinmaindesign.de\/?page_id=16"},"modified":"2023-05-08T14:10:03","modified_gmt":"2023-05-08T13:10:03","slug":"taenze","status":"publish","type":"page","link":"https:\/\/musik-team-hessen.de\/?page_id=16","title":{"rendered":"T\u00e4nze, Tempi, TSO"},"content":{"rendered":"\n<div class=\"wp-block-columns is-layout-flex wp-container-core-columns-is-layout-9d6595d7 wp-block-columns-is-layout-flex\">\n<div class=\"wp-block-column is-layout-flow wp-block-column-is-layout-flow\" style=\"flex-basis:100%\">\n<p><\/p>\n<table border=\"0\" width=\"781\" align=\"center\">\n<tbody>\n<tr>\n<td colspan=\"4\" valign=\"top\">\n<p><strong>Turniert\u00e4nze und Tempi laut TSO \/ WDSF<\/strong><\/p>\n<p><\/p>\n<\/td>\n<\/tr>\n<tr>\n<td valign=\"top\" width=\"25%\"><strong>Tanz <\/strong><\/td>\n<td valign=\"middle\">\n<div align=\"center\"><strong>Taktzahl<\/strong><\/div>\n<\/td>\n<td valign=\"middle\">\n<div align=\"center\"><strong>Metronom<\/strong><\/div>\n<\/td>\n<td width=\"25%\">\n<div align=\"center\"><strong>Dauer (Min)<\/strong><\/div>\n<\/td>\n<\/tr>\n<tr>\n<td valign=\"top\" width=\"25%\">\n<div align=\"left\">Langsamer Walzer<\/div>\n<\/td>\n<td valign=\"middle\">\n<div align=\"center\">28 &#8211; 30<\/div>\n<\/td>\n<td valign=\"middle\">\n<div align=\"center\">84 &#8211; 90<\/div>\n<\/td>\n<td width=\"25%\">\n<div align=\"center\">1:30 &#8211; 2:00<\/div>\n<\/td>\n<\/tr>\n<tr>\n<td valign=\"top\" width=\"25%\">\n<div align=\"left\">Tango<\/div>\n<\/td>\n<td valign=\"middle\">\n<div align=\"center\">31 &#8211; 33<\/div>\n<\/td>\n<td valign=\"middle\">\n<div align=\"center\">124 &#8211; 132<\/div>\n<\/td>\n<td width=\"25%\">\n<div align=\"center\">1:30 &#8211; 2:00<\/div>\n<\/td>\n<\/tr>\n<tr>\n<td valign=\"top\" width=\"25%\">\n<div align=\"left\">Wiener Walzer*<\/div>\n<\/td>\n<td valign=\"middle\">\n<div align=\"center\">58 &#8211; 60<\/div>\n<\/td>\n<td valign=\"middle\">\n<div align=\"center\">174 &#8211; 180<\/div>\n<\/td>\n<td width=\"25%\">\n<div align=\"center\">1:30 &#8211; 2:00<\/div>\n<\/td>\n<\/tr>\n<tr>\n<td valign=\"top\" width=\"25%\">\n<div align=\"left\">Slowfox<\/div>\n<\/td>\n<td valign=\"middle\">\n<div align=\"center\">28 &#8211; 30<\/div>\n<\/td>\n<td valign=\"middle\">\n<div align=\"center\">112 &#8211; 120<\/div>\n<\/td>\n<td width=\"25\">\n<div align=\"center\">1:30 &#8211; 2:00<\/div>\n<\/td>\n<\/tr>\n<tr>\n<td valign=\"top\" width=\"25%\">\n<div>Quickstep<\/div>\n<\/td>\n<td valign=\"middle\">\n<div align=\"center\">50 &#8211; 52<\/div>\n<\/td>\n<td valign=\"middle\">\n<div align=\"center\">200 &#8211; 208<\/div>\n<\/td>\n<td width=\"25%\">\n<div align=\"center\">1:30 &#8211; 2:00<\/div>\n<\/td>\n<\/tr>\n<tr>\n<td valign=\"top\">Samba<\/td>\n<td valign=\"top\">\n<div align=\"center\">50 &#8211; 52<\/div>\n<\/td>\n<td valign=\"top\">\n<div align=\"center\">100 &#8211; 104<\/div>\n<\/td>\n<td>\n<div align=\"center\">1:30 &#8211; 2:00<\/div>\n<\/td>\n<\/tr>\n<tr>\n<td valign=\"top\">Cha-Cha-Cha<\/td>\n<td valign=\"top\">\n<div align=\"center\">30 &#8211; 32<\/div>\n<\/td>\n<td valign=\"top\">\n<div align=\"center\">120 &#8211; 128<\/div>\n<\/td>\n<td>\n<div align=\"center\">1:30 &#8211; 2:00<\/div>\n<\/td>\n<\/tr>\n<tr>\n<td valign=\"top\">Rumba<\/td>\n<td valign=\"top\">\n<div align=\"center\">25 &#8211; 27<\/div>\n<\/td>\n<td valign=\"top\">\n<div align=\"center\">100 &#8211; 108<\/div>\n<\/td>\n<td>\n<div align=\"center\">1:30 &#8211; 2:00<\/div>\n<\/td>\n<\/tr>\n<tr>\n<td valign=\"top\">Paso Doble*<\/td>\n<td valign=\"top\">\n<div align=\"center\">60 &#8211; 62<\/div>\n<\/td>\n<td valign=\"top\">\n<div align=\"center\">120 &#8211; 124<\/div>\n<\/td>\n<td>\n<div align=\"center\">1:30 &#8211; 2:00<\/div>\n<\/td>\n<\/tr>\n<tr>\n<td valign=\"top\">Jive<\/td>\n<td valign=\"top\">\n<div align=\"center\">42 &#8211; 44<\/div>\n<\/td>\n<td valign=\"top\">\n<div align=\"center\">168 &#8211; 176<\/div>\n<\/td>\n<td>\n<div align=\"center\">1:30 &#8211; 2:00<\/div>\n<\/td>\n<\/tr>\n<tr>\n<td valign=\"top\">&nbsp;<\/td>\n<td valign=\"top\">&nbsp;<\/td>\n<td valign=\"top\">&nbsp;<\/td>\n<td>&nbsp;<\/td>\n<\/tr>\n<tr>\n<td colspan=\"4\" valign=\"top\"><strong>*Info zum Wiener Walzer:<\/strong><\/td>\n<\/tr>\n<tr>\n<td colspan=\"4\" valign=\"top\">Ab Senioren IV wird der Wiener Walzer nur 1 Minute gespielt<\/td>\n<\/tr>\n<tr>\n<td colspan=\"4\" valign=\"top\"><strong>*Info zum Paso Doble:<\/strong><\/td>\n<\/tr>\n<tr>\n<td colspan=\"4\" valign=\"top\">Der sogenannte 2nd Down befindet sich bei ca. 1:15 &#8211; 1:20 Min (je nach gespieltem Tempo und Phrasierung). Bis auf wenige Ausnahmen wird nur bis zum 2nd Down gespielt.<\/td>\n<\/tr>\n<\/tbody>\n<\/table>\n<table border=\"0\" width=\"780\" align=\"center\">\n<tbody>\n<tr>\n<td valign=\"top\">&nbsp;<\/td>\n<\/tr>\n<tr>\n<td valign=\"top\">\n<h3>&nbsp;<\/h3>\n<h3><strong>Die Standardt\u00e4nze <\/strong><\/h3>\n<p><strong>Langsamer Walzer<\/strong><br>(3\/4-Takt, 28-30 Takte p. Min., Metronom 84-90, Ausdruck: Genuss)<\/p>\n<p>Der Langsame Walzer entwickelte sich in den 20er Jahren in England aus dem Boston und hei\u00dft daher auch (English) Waltz. Die linearen Bewegungen des Boston verwandelten sich dabei in raumgreifende Drehungen, in denen das Paar wie ein Pendel von H\u00f6hepunkt zu H\u00f6hepunkt schwingt. Der Langsame Walzer gilt als der schwierigste Standardtanz und ist auch der meistge\u00fcbte. Das weiche Ein- und Ausschwingen zur schmelzenden Musik klassischer Waltz-Melodien macht ihn zum &#8222;Tanz des Herzens&#8220;.<\/p>\n<p><strong>Tango<\/strong><br>(2\/4-Takt oder auch 4\/4 Takt, 31-33 Takte p. Min., Metronom 124-132, Ausdruck: Kraft)<\/p>\n<p>Der Tango stammt aus Argentinien und ist, dem Stakkato der Musik entsprechend, gepr\u00e4gt vom Wechsel zwischen Aktion und Pause. Die &#8222;ruckartigen Aktionen&#8220; (von knappen und schnellen Kopfbewegungen begleitete Schritte) werden im Knie weich abgefangen, was dem Tango das Doppelgesicht verhaltener Leidenschaftlichkeit gibt. Die &#8222;gehaltenen Pausen&#8220; verhindern &#8222;K\u00f6rperschwung&#8220; und damit verbundene Hebungen und Neigungen.<\/p>\n<p><strong>Wiener Walzer<\/strong><br>(3\/4-Takt, 58-60 Takte p. Min., Metronom 174-180, Ausdruck: Beschwingtheit)<\/p>\n<p>Der Wiener Walzer ist mit seinen Varianten (z. B. dem L\u00e4ndler) ein uralter, vor allem im Alpenraum beheimateter Volkstanz, der wegen seiner &#8222;Ungez\u00fcgeltheit&#8220; oft bek\u00e4mpft wurde. Am preu\u00dfischen Hof wurde er 1794 verboten, w\u00e4hrend er 20 Jahre sp\u00e4ter auf dem Wiener Kongress Triumphe feierte. In Deutschland wurde er 1932 ins Turnierprogramm aufgenommen. Sein Reiz liegt nicht im Figurenmaterial, sondern im berauschenden K\u00f6rperschwung.<\/p>\n<p><strong>Slow Foxtrott<\/strong><br>(4\/4-Takt, 28-30 Takte p. Min., Metronom 112-120, Ausdruck: Souver\u00e4nit\u00e4t)<\/p>\n<p>Der Slow Foxtrott entstand um 1900 aus dem Ragtime und amerikanischer Marschmusik und entwickelte sich zum Klassiker unter den &#8222;englischen T\u00e4nzen&#8220;. Die linearen Schrittmuster, auf nat\u00fcrlicher Gehbewegung basierend, wirken bei kunstvoller musikalischer Interpretation und l\u00e4ssigem &#8222;Understatement&#8220; faszinierend. Dem kontinuierlichen Bewegungsfluss entsprechend, sind &#8222;flie\u00dfende Posen&#8220; besonders &#8222;foxy&#8220;.<\/p>\n<p><strong>Quickstep<\/strong><br>(4\/4-Takt, 50-52 Takte p. Min., Metronom 200-208, Ausdruck: Spritzigkeit)<\/p>\n<p>Der Quickstep entstand Mitte der 20er Jahre, als parallel zum Onestep das Tempo des Foxtrotts beschleunigt wurde. Im Gegensatz zum Langsamen Walzer, mit dem ihn geschlossene Drehungen und Chasses verbinden, ist der Quickstep dadurch charakterisiert, dass die K\u00f6rpergeschwindigkeit bei Slow fast die gleiche ist wie bei Quick oder bei besonders schnellen Schrittfolgen. In der Familie der Standardt\u00e4nze gilt er als &#8222;der Sekt unter den Weinen&#8220;: perlend in seinen langgestreckten Bewegungen und spritzig in seinen H\u00fcpfschritten.<\/p>\n<p>Aus: Tanzen in Deutschland, Kastell-Verlag<\/p>\n<\/td>\n<\/tr>\n<tr>\n<td valign=\"top\">&nbsp;<\/td>\n<\/tr>\n<tr>\n<td valign=\"top\">\n<h3>&nbsp;<\/h3>\n<h3><strong>Die lateinamerikanischen T\u00e4nze <\/strong><\/h3>\n<p><strong>Samba<\/strong><br>(2\/4-Takt, 50-52 Takte p. Min., Metronom 100-104, Ausdruck: Dynamik)<\/p>\n<p>Die Samba stammt in ihrer station\u00e4ren Grundform aus Brasilien bzw. aus uralten Kreist\u00e4nzen der Bantu und wurde in Europa zum variationsreichen Turniertanz entwickelt. In Wiegeschritten und Voltadrehungen, Rollen und Promenadenl\u00e4ufen bewegen sich die Paare wellenf\u00f6rmig durch den Raum. W\u00e4hrend die Wellenbewegung fr\u00fcher aus einem Erheben im Bein (Bounce) entstand, wird sie heute mehr durch die Bauchmuskulatur erzeugt.<\/p>\n<p><strong>Cha-Cha-Cha<\/strong><br>(4\/4-Takt, 30-32 Takte p. Min., Metronom 120-128, Ausdruck: Koketterie)<\/p>\n<p>Der Cha-Cha-Cha stammt aus Kuba. Er wurde von Enrique Jorrin (u.a.) aus dem Mambo entwickelt und 1957 von Gerd und Traute H\u00e4drich nach Deutschland importiert. Der Cha-Cha hat viele Elemente aus anderen T\u00e4nzen in sich aufgenommen, besonders aus Jazz, Beat und Disco. Seinen Grundcharakter, der ihn bei allen Altersstufen zum beliebtesten Lateintanz machte, hat er dabei nicht verloren: Im Cha-Cha kommen \u00fcberm\u00fctige Ausgelassenheit und koketter Flirt zum Ausdruck.<\/p>\n<p><strong>Rumba<\/strong><br>(4\/4-Takt, 25-27 Takte p. Min., Metronom 100-108, Ausdruck: Sehnsucht)<\/p>\n<p>Die Rumba stammt aus dem Mambo-Bolero und ist mit der Habanera verwandt. Sie ist ein afrokubanischer Werbungstanz: Die Dame schwankt zwischen Hingabe und Flucht und der Herr zwischen &#8222;Zuneigung&#8220; und &#8222;Selbstherrlichkeit&#8220;. In Deutschland wurde die Rumba 1932 ins Turnierprogramm aufgenommen. Sie ist der Klassiker unter den Lateint\u00e4nzen, erfordert Ausdruckskraft und Sparsamkeit der Mittel.<\/p>\n<p><strong>Paso Doble<\/strong><br>(2\/4-Takt, 60-62 Takte p. Min., Metronom 120-124, Ausdruck: Stolz)<\/p>\n<p>Der Paso Doble ist eine in Spanien und Frankreich entwickelte Darstellung des Stierkampfs mit Einschluss von Flamenco-Elementen. Die Dame stellt nicht den Stier dar, sondern das rote Tuch des Toreros, Herr und Dame bewegen sich also gemeinsam um einen imagin\u00e4ren Stier. Die Musik ein spanischer Marschtanz, besteht aus einer Einleitung und zwei Hauptteilen mit genau festgelegten H\u00f6hepunkten, nach denen sich die Choreographie richtet. Der Tanz erfordert gro\u00dfe Pr\u00e4zision und einen durchgehaltenen starken Muskeltonus.<\/p>\n<p><strong>Jive<\/strong><br>(4\/4-Takt, 42-44 Takte p. Min., Metronom 168-176, Ausdruck: Ausgelassenheit)<\/p>\n<p>Der Jive wurde als &#8222;Jitterbug&#8220; und &#8222;Boogie-Woogie&#8220; (sp\u00e4ter auch &#8222;Behop&#8220;) um 1940 von amerikanischen Soldaten nach Europa gebracht, in England zum Jive entwickelt und schlie\u00dflich in das Turnierprogramm der Lateint\u00e4nze aufgenommen (Profis national 1968, Amateure national 73, international 76). Mit ihrer Off-Beat-Betonung auf &#8222;zwei&#8220; und &#8222;vier&#8220; verr\u00e4t die Musik ihren afrikanischen Ursprung. Der Jive bringt robuste Lebensfreude zum Ausdruck. Er war der &#8222;Tobetanz&#8220; der Vor-Beat-Generation, aus dem sich auch der akrobatisch-athletische Rock &#8217;n&#8216; Roll entwickelt hat.<\/p>\n<p>Aus: Tanzen in Deutschland, Kastell-Verlag<\/p>\n<\/td>\n<\/tr>\n<\/tbody>\n<\/table>\n<\/div>\n<\/div>\n","protected":false},"excerpt":{"rendered":"<p>Turniert\u00e4nze und Tempi laut TSO \/ WDSF Tanz Taktzahl Metronom Dauer (Min) Langsamer Walzer 28 &#8211; 30 84 &#8211; 90 1:30 &#8211; 2:00 Tango 31 &#8211; 33 124 &#8211; 132 1:30 &#8211; 2:00 Wiener Walzer* 58 &#8211; 60 174 &#8211; 180 1:30 &#8211; 2:00 Slowfox 28 &#8211; 30 112 &#8211; 120 1:30 &#8211; 2:00 Quickstep [&hellip;]<\/p>\n","protected":false},"author":3,"featured_media":0,"parent":10,"menu_order":3,"comment_status":"closed","ping_status":"closed","template":"","meta":{"footnotes":""},"class_list":["post-16","page","type-page","status-publish","hentry"],"_links":{"self":[{"href":"https:\/\/musik-team-hessen.de\/index.php?rest_route=\/wp\/v2\/pages\/16","targetHints":{"allow":["GET"]}}],"collection":[{"href":"https:\/\/musik-team-hessen.de\/index.php?rest_route=\/wp\/v2\/pages"}],"about":[{"href":"https:\/\/musik-team-hessen.de\/index.php?rest_route=\/wp\/v2\/types\/page"}],"author":[{"embeddable":true,"href":"https:\/\/musik-team-hessen.de\/index.php?rest_route=\/wp\/v2\/users\/3"}],"replies":[{"embeddable":true,"href":"https:\/\/musik-team-hessen.de\/index.php?rest_route=%2Fwp%2Fv2%2Fcomments&post=16"}],"version-history":[{"count":13,"href":"https:\/\/musik-team-hessen.de\/index.php?rest_route=\/wp\/v2\/pages\/16\/revisions"}],"predecessor-version":[{"id":221,"href":"https:\/\/musik-team-hessen.de\/index.php?rest_route=\/wp\/v2\/pages\/16\/revisions\/221"}],"up":[{"embeddable":true,"href":"https:\/\/musik-team-hessen.de\/index.php?rest_route=\/wp\/v2\/pages\/10"}],"wp:attachment":[{"href":"https:\/\/musik-team-hessen.de\/index.php?rest_route=%2Fwp%2Fv2%2Fmedia&parent=16"}],"curies":[{"name":"wp","href":"https:\/\/api.w.org\/{rel}","templated":true}]}}