{"id":86,"date":"2015-03-29T01:26:08","date_gmt":"2015-03-29T00:26:08","guid":{"rendered":"http:\/\/musik-team-hessen.de\/?page_id=86"},"modified":"2024-08-06T15:17:14","modified_gmt":"2024-08-06T14:17:14","slug":"standard","status":"publish","type":"page","link":"https:\/\/musik-team-hessen.de\/?page_id=86","title":{"rendered":"Wer wir sind"},"content":{"rendered":"<p>[vc_row][vc_column][vc_accordion active_tab=&#8220;false&#8220; style=&#8220;2&#8243;][vc_accordion_tab title=&#8220;Juliane Pischel&#8220;][vc_column_text]<\/p>\n<p><a href=\"https:\/\/musik-team-hessen.de\/wp-content\/uploads\/2022\/08\/Juliane.jpg\"><img loading=\"lazy\" decoding=\"async\" class=\"alignnone size-medium wp-image-207\" src=\"https:\/\/musik-team-hessen.de\/wp-content\/uploads\/2022\/08\/Juliane-300x300.jpg\" alt=\"\" width=\"300\" height=\"300\" srcset=\"https:\/\/musik-team-hessen.de\/wp-content\/uploads\/2022\/08\/Juliane-300x300.jpg 300w, https:\/\/musik-team-hessen.de\/wp-content\/uploads\/2022\/08\/Juliane.jpg 1024w, https:\/\/musik-team-hessen.de\/wp-content\/uploads\/2022\/08\/Juliane-150x150.jpg 150w, https:\/\/musik-team-hessen.de\/wp-content\/uploads\/2022\/08\/Juliane-768x768.jpg 768w\" sizes=\"auto, (max-width: 300px) 100vw, 300px\" \/><\/a><\/p>\n<table style=\"border-collapse: collapse; table-layout: fixed; width: 792pt;\" border=\"0\" width=\"792\" cellspacing=\"0\" cellpadding=\"0\">\n<tbody>\n<tr style=\"height: 20.0pt;\">\n<td class=\"xl66\" style=\"height: 20.0pt; width: 99pt;\" width=\"99\" height=\"20\">Mein Name ist Juliane (Pischel) und wurde 1984 geboren. Ich tanze seit meinem 5. Lebensjahr Standard- und Lateinamerikanische Turniere, zuerst unter dem DTV, nun unter dem DVET (Deutscher Verband f\u00fcr Equalitytanzsport e.V.). Schon fr\u00fch fand ich es unglaublich schade, dass ich selbst oftmals meine Leistung nicht richtig pr\u00e4sentieren konnte, da die gespielte Musik mal wieder nicht meine Sinne ber\u00fchrten. Somit war ich froh, dass ich bei den MDDs durch Andrew Miller die Chance erhalten hatte, mich am Mischpult auszutoben. Ich war sofort Feuer und Flamme daf\u00fcr, so dass ich 2017 Mitglied im Musikteam Hessen wurde. Seitdem erfreue ich mich bei jedem Turnier, in die freudestrahlenden Augen der T\u00e4nzerInnnen und die mitwippenden WertungsrichterInnen sehen zu k\u00f6nnen, wenn mein gew\u00e4hltes Musikst\u00fcck ihre Sinne ber\u00fchrt hat. Sch\u00f6n w\u00e4re es (mein Traum), wenn zuk\u00fcnftig auch andere Bundesl\u00e4nder ein Musikteam aufstellen w\u00fcrden und wir damit bundesweit ein hohes Ma\u00df an Musikqualit\u00e4t bei den Tanzturnieren liefern k\u00f6nnten.<\/td>\n<\/tr>\n<\/tbody>\n<\/table>\n<p>[\/vc_column_text][\/vc_accordion_tab][vc_accordion_tab title=&#8220;Andrew Miller&#8220;][vc_column_text]<\/p>\n<table style=\"border-collapse: collapse; table-layout: fixed; width: 753pt;\" border=\"0\" width=\"753\" cellspacing=\"0\" cellpadding=\"0\">\n<tbody>\n<tr style=\"height: 20.0pt;\">\n<td class=\"xl66\" style=\"height: 20.0pt; width: 99pt;\" width=\"99\" height=\"20\">\n<div><a href=\"https:\/\/musik-team-hessen.de\/wp-content\/uploads\/2015\/03\/mitglied_miller.jpg\"><img loading=\"lazy\" decoding=\"async\" class=\"alignnone wp-image-71\" src=\"https:\/\/musik-team-hessen.de\/wp-content\/uploads\/2015\/03\/mitglied_miller.jpg\" alt=\"\" width=\"224\" height=\"335\" \/><\/a><\/div>\n<div><\/div>\n<div>Ich bin Andy Miller, geb\u00fcrtiger Engl\u00e4nder, aber seit 2014\u00a0eingeb\u00fcrgerter Deutscher. Seit 1998 mache ich Turniermusik, zuerst im Verein aber seit 2001<\/div>\n<div>bei Hessen Tanzt. In unseren aktiven Zeiten haben meine Frau Cheryl und ich um die hundert Turniere bis in die S Klasse Standard getanzt. Unsere Highlights waren<\/div>\n<div>einmal Hessische Landesmeister in der SEN II A zu sein, \u00f6fters\u00a0bei der GOC und einmal in Blackpool getanzt zu haben.<\/div>\n<div><\/div>\n<div>bei den folgenden Turnieren habe ich die Musik gemacht:<\/div>\n<div><\/div>\n<div>&gt;10 Deutsche Meisterschaften\u00a0&amp; Deutschland Pokale<\/div>\n<div>&gt;100 Deutsche Ranglisten Turniere und zig WDSF Ranglistenturniere<\/div>\n<div>20 Jahre Hessen Tanzt<\/div>\n<div>\n<div class=\"gmail_default\">Seit 2015 die Deutsche Meisterschaft in Rollstuhltanz<\/div>\n<div class=\"gmail_default\">Seit 2015 Landesentscheid &amp; Bundesentscheid &#8211; Schulsport<\/div>\n<\/div>\n<div>insgesamt \u00fcber <span class=\"gmail_default\">5<\/span>00 Wettbewerbe.<\/div>\n<div><\/div>\n<div>Ich bin Gr\u00fcndungsmitglied im Musik\u00a0Team\u00a0Hessen und habe die Mannschaft von 2009 bis 2022 als Sprecher des Teams und<\/div>\n<div>als Turniermusik Beauftragter des Hessischen Tanzsportverbandes fungiert.<\/div>\n<div>Ich freue mich, noch als\u00a0Mitglied der Mannschaft aktiv mitmachen zu d\u00fcrfen, Musik f\u00fcr HLMs und Turniere f\u00fcr meinen Verein TSC R\u00f6dermark zu machen.<\/div>\n<div><\/div>\n<div>Ich bin sehr stolz:<\/div>\n<div>die Verdienstnadel des HTVs sowohl in Bronze als auch in Silber bekommen zu haben<\/div>\n<div>mit der Ehrennadel des HTVs in Silber ausgezeichnet zu werden und<\/div>\n<div>dass der DTV mir seine Ehrennadel in Bronze verliehen hat.<\/div>\n<div><\/div>\n<div>Ich freue mich auf jeden Kommentar zu der Musik, die ich spiele &#8211; auch positive Kritikpunkte\u00a0sind immer herzlich willkommen.<\/div>\n<div><\/div>\n<div>Mit meinen allerbesten Gr\u00fc\u00dfen an alle Tanzbegeisterte<\/div>\n<div>Euer<\/div>\n<div>Andy<\/div>\n<\/td>\n<\/tr>\n<\/tbody>\n<\/table>\n<p>[\/vc_column_text][\/vc_accordion_tab][vc_accordion_tab title=&#8220;Norbert Jungk&#8220;][vc_column_text]<\/p>\n<p><a href=\"https:\/\/musik-team-hessen.de\/wp-content\/uploads\/2022\/08\/NorbertJungk-rotated-e1661160645648.jpg\"><img loading=\"lazy\" decoding=\"async\" class=\"alignnone size-medium wp-image-210\" src=\"https:\/\/musik-team-hessen.de\/wp-content\/uploads\/2022\/08\/NorbertJungk-rotated-e1661160645648-250x300.jpg\" alt=\"\" width=\"250\" height=\"300\" srcset=\"https:\/\/musik-team-hessen.de\/wp-content\/uploads\/2022\/08\/NorbertJungk-rotated-e1661160645648-250x300.jpg 250w, https:\/\/musik-team-hessen.de\/wp-content\/uploads\/2022\/08\/NorbertJungk-rotated-e1661160645648-768x922.jpg 768w, https:\/\/musik-team-hessen.de\/wp-content\/uploads\/2022\/08\/NorbertJungk-rotated-e1661160645648.jpg 846w\" sizes=\"auto, (max-width: 250px) 100vw, 250px\" \/><\/a><\/p>\n<table style=\"border-collapse: collapse; table-layout: fixed; width: 792pt;\" border=\"0\" width=\"792\" cellspacing=\"0\" cellpadding=\"0\">\n<tbody>\n<tr style=\"height: 20.0pt;\">\n<td class=\"xl66\" style=\"height: 20.0pt; width: 99pt;\" width=\"99\" height=\"20\">Mein Name ist Norbert (Jungk) und ich wurde 1980 geboren. Seit nun mehr als 30 Jahren befasse ich mich mit Tanzen. Angefangen hat alles mit Rock &#8217;n Roll, \u00fcber Tanzschule bis hin zum Tanzsport. Im Tanzsport habe ich zuerst Formation (Latein und Standard) getanzt. Seit 2013 bin ich nun auch im Einzel unterwegs und tanze aktiv in der Senioren I S Klasse. Nebenbei bin ich ebenfalls Trainer und Wertungsrichter. Der Tanzsport bietet mir sehr viel Ausgleich zu meinem Arbeitsleben, daher habe ich mich auch dazu entschlossen nicht nur als Wertungsrichter zu fungieren sondern auch im Musik Team mit zu machen. Ich m\u00f6chte den T\u00e4nzern einfach das zur\u00fcck geben, was ich selber als aktiver T\u00e4nzer teilweise vermisse. Tolle Musik bringt den T\u00e4nzer:innen direkt ein L\u00e4cheln ins Gesicht und l\u00e4sst das Gezeigte automatisch leichter aussehen.<\/td>\n<\/tr>\n<\/tbody>\n<\/table>\n<p>[\/vc_column_text][\/vc_accordion_tab][vc_accordion_tab title=&#8220;Holger Miny&#8220;][vc_column_text]<\/p>\n<table style=\"border-collapse: collapse; table-layout: fixed; width: 1389pt;\" border=\"0\" width=\"1389\" cellspacing=\"0\" cellpadding=\"0\">\n<tbody>\n<tr style=\"height: 20.0pt;\">\n<td class=\"xl66\" style=\"height: 20.0pt; width: 99pt;\" width=\"99\" height=\"20\">Text<\/td>\n<\/tr>\n<\/tbody>\n<\/table>\n<p>[\/vc_column_text][\/vc_accordion_tab][vc_accordion_tab title=&#8220;Timo B\u00e4roth&#8220;][vc_column_text]<a href=\"https:\/\/musik-team-hessen.de\/wp-content\/uploads\/2024\/08\/Timo.png\"><img loading=\"lazy\" decoding=\"async\" class=\"alignnone size-medium wp-image-259\" src=\"https:\/\/musik-team-hessen.de\/wp-content\/uploads\/2024\/08\/Timo-221x300.png\" alt=\"\" width=\"221\" height=\"300\" srcset=\"https:\/\/musik-team-hessen.de\/wp-content\/uploads\/2024\/08\/Timo-221x300.png 221w, https:\/\/musik-team-hessen.de\/wp-content\/uploads\/2024\/08\/Timo-755x1024.png 755w, https:\/\/musik-team-hessen.de\/wp-content\/uploads\/2024\/08\/Timo-768x1041.png 768w, https:\/\/musik-team-hessen.de\/wp-content\/uploads\/2024\/08\/Timo.png 1018w\" sizes=\"auto, (max-width: 221px) 100vw, 221px\" \/><\/a><\/p>\n<table style=\"border-collapse: collapse; table-layout: fixed; width: 792pt;\" border=\"0\" width=\"792\" cellspacing=\"0\" cellpadding=\"0\">\n<tbody>\n<tr style=\"height: 20.0pt;\">\n<td class=\"xl66\" style=\"height: 20.0pt; width: 99pt;\" width=\"99\" height=\"20\">Ich tanze schon seit etwa 15 Jahren, im Standardbereich auch aktiv im Turniersport. Ich durfte bereits viele Facetten des Tanzsports kennenlernen (Standard- &amp; lateinamerikanische T\u00e4nze, Einzel- &amp; Formationstanz). Ich denke, alle sind sich dar\u00fcber einig, dass die Musik beim Tanzen die wichtigste Rolle spielt. Ich m\u00f6chte mit meinem Wirken im Musik-Team Hessen dazu beitragen, ein Turnier zu einer sch\u00f6nen Veranstaltung zu machen, an die sich alle Anwesenden (Publikum, T\u00e4nzer und Funktion\u00e4re) gerne erinnern. Ich lege Wert auf zeitgem\u00e4\u00dfe, abwechslungsreiche und gerne auch hin und wieder anspruchsvolle Musik, die unsere Athleten mit Freude vertanzen k\u00f6nnen.<br \/>\nIch beobachte in den letzten Monaten einen R\u00fcckgang in der Popularit\u00e4t des Tanzsports. Das l\u00e4sst sich leider gut an den Teilnehmerzahlen bei Tanzsportturnieren messen. Ich m\u00f6chte nach Kr\u00e4ften diesem Trend entgegenwirken und ich glaube daran, dass wir als Musik-Team Hessen einen kleinen aber wichtigen Beitrag dazu leisten. Ich freue mich, wenn das beim Einen oder Anderen auch so wahrgenommen wird und sehe jeden von euch gerne auf den n\u00e4chsten Turnieren!<\/td>\n<\/tr>\n<\/tbody>\n<\/table>\n<p>[\/vc_column_text][\/vc_accordion_tab][\/vc_accordion][\/vc_column][\/vc_row]<\/p>\n","protected":false},"excerpt":{"rendered":"<p>[vc_row][vc_column][vc_accordion active_tab=&#8220;false&#8220; style=&#8220;2&#8243;][vc_accordion_tab title=&#8220;Juliane Pischel&#8220;][vc_column_text] Mein Name ist Juliane (Pischel) und wurde 1984 geboren. Ich tanze seit meinem 5. Lebensjahr Standard- und Lateinamerikanische Turniere, zuerst unter dem DTV, nun unter dem DVET (Deutscher Verband f\u00fcr Equalitytanzsport e.V.). Schon fr\u00fch fand ich es unglaublich schade, dass ich selbst oftmals meine Leistung nicht richtig pr\u00e4sentieren konnte, da [&hellip;]<\/p>\n","protected":false},"author":3,"featured_media":0,"parent":0,"menu_order":11,"comment_status":"closed","ping_status":"closed","template":"","meta":{"footnotes":""},"class_list":["post-86","page","type-page","status-publish","hentry"],"_links":{"self":[{"href":"https:\/\/musik-team-hessen.de\/index.php?rest_route=\/wp\/v2\/pages\/86","targetHints":{"allow":["GET"]}}],"collection":[{"href":"https:\/\/musik-team-hessen.de\/index.php?rest_route=\/wp\/v2\/pages"}],"about":[{"href":"https:\/\/musik-team-hessen.de\/index.php?rest_route=\/wp\/v2\/types\/page"}],"author":[{"embeddable":true,"href":"https:\/\/musik-team-hessen.de\/index.php?rest_route=\/wp\/v2\/users\/3"}],"replies":[{"embeddable":true,"href":"https:\/\/musik-team-hessen.de\/index.php?rest_route=%2Fwp%2Fv2%2Fcomments&post=86"}],"version-history":[{"count":16,"href":"https:\/\/musik-team-hessen.de\/index.php?rest_route=\/wp\/v2\/pages\/86\/revisions"}],"predecessor-version":[{"id":260,"href":"https:\/\/musik-team-hessen.de\/index.php?rest_route=\/wp\/v2\/pages\/86\/revisions\/260"}],"wp:attachment":[{"href":"https:\/\/musik-team-hessen.de\/index.php?rest_route=%2Fwp%2Fv2%2Fmedia&parent=86"}],"curies":[{"name":"wp","href":"https:\/\/api.w.org\/{rel}","templated":true}]}}